{"id":903,"date":"2021-11-18T14:47:09","date_gmt":"2021-11-18T13:47:09","guid":{"rendered":"https:\/\/www.and2.eu\/impressum\/"},"modified":"2022-02-21T16:33:36","modified_gmt":"2022-02-21T15:33:36","slug":"impressum","status":"publish","type":"page","link":"https:\/\/www.and2.eu\/en\/impressum\/","title":{"rendered":"Legal notice"},"content":{"rendered":"\n<div class=\"wp-block-group has-white-color has-black-background-color has-text-color has-background\"><div class=\"wp-block-group__inner-container is-layout-flow wp-block-group-is-layout-flow\">\n<p>AND2<\/p>\n\n\n\n<p>ADRESSE:<br\/>Dreim\u00fchlenstrasse 26<br\/>80469 M\u00fcnchen<\/p>\n\n\n\n<p>GESCH\u00c4FTSF\u00dcHRER:<br\/>Anna Postweiler<br\/>Tel. +49 89\/18948586<br\/>a.postweiler@and.eu<\/p>\n\n\n\n<p>USt-ID-NR: DE DE274470620<br\/>Steuernummer: 146\/141\/40594<\/p>\n\n\n\n<p>Verantwortlicher i.S.d.Presserechts<br\/>Anna Postweiler<\/p>\n\n\n\n<p>HAFTUNGSAUSSCHLUSS (DISCLAIMER)<br\/>AND2 \u00fcbernimmt keine Verantwortung f\u00fcr die Inhalte von externen Websites, auf die von unserer Seite aus verlinkt wurden.<\/p>\n\n\n\n<p>VERWEISE UND LINKS<br\/>Bei direkten oder indirekten Verweisen auf fremde Internetseiten (\u00bbLinks\u00ab), die au\u00dferhalb des Verantwortungsbereiches des Autors liegen, w\u00fcrde eine Haftungsverpflichtung ausschlie\u00dflich in dem Fall in Kraft treten, in dem der Autor von den Inhalten Kenntnis hat und es ihm technisch m\u00f6glich und zumutbar w\u00e4re, die Nutzung im Falle rechtswidriger Inhalte zu verhindern. Der Autor erkl\u00e4rt hiermit ausdr\u00fccklich, dass zum Zeitpunkt der Linksetzung keine illegalen Inhalte auf der zu verlinkenden Seite erkennbar waren. Auf die aktuelle und zuk\u00fcnftige Gestaltung, die Inhalte oder die Urheberschaft der verlinkten\/verkn\u00fcpften Seiten hat der Autor keinerlei Einfluss. Deshalb distanziert er sich hiermit ausdr\u00fccklich von allen Inhalten aller gelinkten\/verkn\u00fcpften Seiten, die nach der Linksetzung ver\u00e4ndert wurden. Diese Feststellung gilt f\u00fcr alle innerhalb des eigenen Internetangebotes gesetzten Links und Verweise. F\u00fcr illegale, fehlerhafte oder unvollst\u00e4ndige Inhalte und insbesondere f\u00fcr Sch\u00e4den, die aus der Nutzung oder Nichtnutzung solcherart dargebotener Informationen entstehen, haftet allein der Anbieter der Seite, auf welche verwiesen wurde, nicht derjenige, der \u00fcber Links auf die jeweilige Ver\u00f6ffentlichung lediglich verweist.<\/p>\n\n\n\n<p>URHEBER- UND KENNZEICHEN\u00acRECHT<br\/>Der Autor ist bem\u00fcht, in allen Publikationen die Urheberrechte der verwendeten Grafiken, Tondokumente, Videosequenzen und Texte zu beachten, vom ihm selbst erstellte Grafiken, Tondokumente, Videosequenzen und Texte oder auf lizenzfreie Grafiken, Tondokumente, Videosequenzen und Texte zur\u00fcckzugreifen. Alle innerhalb des Internetangebotes genannten und ggf. durch Dritte (z. B. Kunden, Lieferanten, Kooperationspartner) gesch\u00fctzten Marken- und Warenzeichen unterliegen uneingeschr\u00e4nkt den Bestimmungen des jeweils g\u00fcltigen Kennzeichenrechts und den Besitzrechten der jeweiligen eingetragenen Eigent\u00fcmer. Die Darstellungen sind mit den Betroffenen (z. B. Kunden, Kooperationspartner, Lieferanten) abgesprochen. Allein aufgrund der blo\u00dfen Nennung ist nicht der Schluss zu ziehen, dass Markenrecht nicht durch Rechte Dritter (z. B. Endkunden, Kooperationspartner, Lieferanten, Kunden) gesch\u00fctzt sind! Das Copyright f\u00fcr ver\u00f6ffentlichte, vom Autor selbst erstellte Objekte bleibt allein beim Autor der Seiten. Eine Vervielf\u00e4ltigung oder Verwendung solcher Grafiken, Tondokumente, Videosequenzen und Texte in anderen elektronischen oder gedruckten Publikationen ist ohne ausdr\u00fcckliche Zustimmung des Autors nicht gestattet. F\u00fcr die Bilder, bei denen auf der jeweiligen Seite keine \u00a9 Copyrightangaben aufgef\u00fchrt sind, gilt das Copyright der AND2.<\/p>\n\n\n\n<p>RECHTS\u00acWIRKSAMKEIT DIESES HAFTUNGS\u00acAUSSCHLUSSES<br\/>Dieser Haftungsausschluss ist als Teil des Internetangebotes zu betrachten, von dem aus auf diese Seite verwiesen wurde. Sofern Teile oder einzelne Formulierungen dieses Textes der geltenden Rechtslage nicht, nicht mehr oder nicht vollst\u00e4ndig entsprechen sollten, bleiben die \u00fcbrigen Teile des Dokumentes in ihrem Inhalt und ihrer G\u00fcltigkeit davon unber\u00fchrt.<\/p>\n\n\n\n<p>EUROP\u00c4ISCHE ONLINE-STREITBEILEGUNGS-PLATTFORM (ODR)<br\/>Die Europ\u00e4ische Kommission stellt eine Plattform f\u00fcr die au\u00dfergerichtliche Online-Streitbeilegung (OS-Plattform) bereit, die unter www.ec.europa.eu\/consumers\/odr aufrufbar ist. Wir sind weder verpflichtet noch bereit, an dem Streitschlichtungsverfahren teilzunehmen.<\/p>\n<\/div><\/div>\n","protected":false},"excerpt":{"rendered":"<p>AND2 ADRESSE:Dreim\u00fchlenstrasse 2680469 M\u00fcnchen GESCH\u00c4FTSF\u00dcHRER:Anna PostweilerTel. +49 89\/18948586a.postweiler@and.eu USt-ID-NR: DE DE274470620Steuernummer: 146\/141\/40594 Verantwortlicher i.S.d.PresserechtsAnna Postweiler HAFTUNGSAUSSCHLUSS (DISCLAIMER)AND2 \u00fcbernimmt keine Verantwortung f\u00fcr die Inhalte von externen Websites, auf die von unserer Seite aus verlinkt wurden. VERWEISE UND LINKSBei direkten oder indirekten Verweisen auf fremde Internetseiten (\u00bbLinks\u00ab), die au\u00dferhalb des Verantwortungsbereiches des Autors liegen, w\u00fcrde eine Haftungsverpflichtung [&hellip;]<\/p>\n","protected":false},"author":1,"featured_media":0,"parent":0,"menu_order":0,"comment_status":"closed","ping_status":"closed","template":"","meta":{"_acf_changed":false,"footnotes":""},"class_list":["post-903","page","type-page","status-publish","hentry"],"acf":[],"_links":{"self":[{"href":"https:\/\/www.and2.eu\/en\/wp-json\/wp\/v2\/pages\/903","targetHints":{"allow":["GET"]}}],"collection":[{"href":"https:\/\/www.and2.eu\/en\/wp-json\/wp\/v2\/pages"}],"about":[{"href":"https:\/\/www.and2.eu\/en\/wp-json\/wp\/v2\/types\/page"}],"author":[{"embeddable":true,"href":"https:\/\/www.and2.eu\/en\/wp-json\/wp\/v2\/users\/1"}],"replies":[{"embeddable":true,"href":"https:\/\/www.and2.eu\/en\/wp-json\/wp\/v2\/comments?post=903"}],"version-history":[{"count":3,"href":"https:\/\/www.and2.eu\/en\/wp-json\/wp\/v2\/pages\/903\/revisions"}],"predecessor-version":[{"id":912,"href":"https:\/\/www.and2.eu\/en\/wp-json\/wp\/v2\/pages\/903\/revisions\/912"}],"wp:attachment":[{"href":"https:\/\/www.and2.eu\/en\/wp-json\/wp\/v2\/media?parent=903"}],"curies":[{"name":"wp","href":"https:\/\/api.w.org\/{rel}","templated":true}]}}